{"id":16,"date":"2024-03-06T13:10:38","date_gmt":"2024-03-06T12:10:38","guid":{"rendered":"https:\/\/animation-denens.ch\/?page_id=16"},"modified":"2024-04-30T11:30:04","modified_gmt":"2024-04-30T09:30:04","slug":"la-societe-danimation","status":"publish","type":"page","link":"https:\/\/animation-denens.ch\/?page_id=16","title":{"rendered":"La soci\u00e9t\u00e9 d&rsquo;animation"},"content":{"rendered":"\n<div class=\"wp-block-uagb-image uagb-block-eb8c4b13 wp-block-uagb-image--layout-default wp-block-uagb-image--effect-static wp-block-uagb-image--align-none\"><figure class=\"wp-block-uagb-image__figure\"><img decoding=\"async\"  sizes=\"(max-width: 480px) 150px\" src=\"https:\/\/animation-denens.ch\/wp-content\/uploads\/2024\/04\/SaD-Logo-2.jpg\" alt=\"\" width=\"150\" height=\"718\" title=\"\" loading=\"lazy\" role=\"img\"\/><\/figure><\/div>\n\n\n\n<div class=\"wp-block-uagb-container uagb-block-154d561a default uagb-is-root-container\">\n<h2 class=\"wp-block-heading has-ast-global-color-8-color has-ast-global-color-4-background-color has-text-color has-background has-link-color wp-elements-9a29977c5b0663e192dfd9a8d1d2b619\" style=\"margin-top:var(--wp--preset--spacing--30);margin-right:0;margin-bottom:var(--wp--preset--spacing--30);margin-left:0;padding-top:var(--wp--preset--spacing--20);padding-right:var(--wp--preset--spacing--20);padding-bottom:var(--wp--preset--spacing--20);padding-left:var(--wp--preset--spacing--20)\">Les buts :<\/h2>\n\n\n\n<p class=\"has-ast-global-color-8-color has-ast-global-color-4-background-color has-text-color has-background has-link-color wp-elements-553588b4a8e95eed2525af09c3cc66bf\" style=\"margin-top:0;margin-right:0;margin-bottom:0;margin-left:0;padding-top:0;padding-right:var(--wp--preset--spacing--20);padding-bottom:0;padding-left:var(--wp--preset--spacing--20)\">La Soci\u00e9t\u00e9 d\u2019animation de Denens a pour buts de :<\/p>\n\n\n\n<ul style=\"margin-top:0;margin-right:0;margin-bottom:0;margin-left:0;padding-top:0;padding-right:var(--wp--preset--spacing--50);padding-bottom:0;padding-left:var(--wp--preset--spacing--50);line-height:1.7\" class=\"has-ast-global-color-8-color has-ast-global-color-4-background-color has-text-color has-background has-link-color has-medium-font-size wp-elements-1b424772e00ef7334a8aec6c7a9d920f\">\n<li>contribuer \u00e0 l\u2019animation du village en proposant des activit\u00e9s vari\u00e9es tout au long de l\u2019ann\u00e9e<\/li>\n\n\n\n<li>faire la promotion des manifestations organis\u00e9es par les autres soci\u00e9t\u00e9s se passant dans le village<\/li>\n\n\n\n<li>favoriser les \u00e9changes entre les habitants de la commune de Denens et faciliter l\u2019int\u00e9gration des nouveaux habitants<\/li>\n<\/ul>\n<\/div>\n\n\n\n<div class=\"wp-block-uagb-container uagb-block-f037ac8d default uagb-is-root-container\">\n<h2 class=\"wp-block-heading has-ast-global-color-8-color has-ast-global-color-4-background-color has-text-color has-background has-link-color wp-elements-b4f7edbcd67a34f8253870713cbba936\" style=\"margin-top:var(--wp--preset--spacing--30);margin-right:0;margin-bottom:var(--wp--preset--spacing--30);margin-left:0;padding-top:var(--wp--preset--spacing--20);padding-right:var(--wp--preset--spacing--20);padding-bottom:var(--wp--preset--spacing--20);padding-left:var(--wp--preset--spacing--20)\">Historique :<\/h2>\n\n\n\n<p class=\"has-ast-global-color-8-color has-ast-global-color-4-background-color has-text-color has-background has-link-color wp-elements-290fa3824d136c0195a29339a761e183\" style=\"margin-top:var(--wp--preset--spacing--20);margin-right:0;margin-bottom:var(--wp--preset--spacing--20);margin-left:0;padding-top:var(--wp--preset--spacing--20);padding-right:var(--wp--preset--spacing--20);padding-bottom:var(--wp--preset--spacing--20);padding-left:var(--wp--preset--spacing--20)\"><strong>La Soci\u00e9t\u00e9 d&rsquo;animation de Denens a \u00e9t\u00e9 cr\u00e9e le mercredi 15 f\u00e9vrier 2017.<\/strong><\/p>\n\n\n\n<p class=\"has-ast-global-color-8-color has-ast-global-color-4-background-color has-text-color has-background has-link-color wp-elements-2b6ffd7c75b06c8bd537a2c4034ed9cd\" style=\"margin-top:0;margin-right:0;margin-bottom:0;margin-left:0;padding-top:0;padding-right:var(--wp--preset--spacing--20);padding-bottom:0;padding-left:var(--wp--preset--spacing--20)\">Durant toutes ces ann\u00e9es, nous avons organis\u00e9 :<\/p>\n\n\n\n<ul style=\"margin-top:0;margin-right:0;margin-bottom:0;margin-left:0;padding-top:0;padding-right:var(--wp--preset--spacing--50);padding-bottom:0;padding-left:var(--wp--preset--spacing--50);line-height:1.7\" class=\"has-ast-global-color-8-color has-ast-global-color-4-background-color has-text-color has-background has-link-color wp-elements-052dad71f6c081488e282d7032e05bf6\">\n<li>10 \u00ab Repas Ensemble \u00bb pour les personnes seules<\/li>\n\n\n\n<li>3 apr\u00e8s-midis de jeux de soci\u00e9t\u00e9<\/li>\n\n\n\n<li>2 rallyes p\u00e9destres autour du village, suivis d&rsquo;un repas<\/li>\n\n\n\n<li>1 concert de musique classique<\/li>\n\n\n\n<li>1 spectacle d&rsquo;humour avec Thierry Meury<\/li>\n\n\n\n<li>3 x Halloween pour les enfants et leurs parents<\/li>\n\n\n\n<li>la projection de 2 films : Favela Olimpica et Demain<\/li>\n\n\n\n<li>la projection de 3 comp\u00e9titions internationales de foot<\/li>\n\n\n\n<li>la visite du centre de tri de la Poste, \u00e0 Daillens<\/li>\n\n\n\n<li>la visite de la cave de la C\u00f4te, \u00e0 Tolochenaz<\/li>\n\n\n\n<li>la visite de Tridel, \u00e0 Lausanne<\/li>\n\n\n\n<li>1 voyage humanitaire pour l&rsquo;Ukraine, avec la DDD<\/li>\n\n\n\n<li>1 Vide-Dressing<\/li>\n\n\n\n<li>4 x les Fen\u00eatres de l&rsquo;Avent<\/li>\n\n\n\n<li>1 Nouvel An<\/li>\n<\/ul>\n<\/div>\n","protected":false},"excerpt":{"rendered":"<p>Les buts : La Soci\u00e9t\u00e9 d\u2019animation de Denens a pour buts de : Historique : La Soci\u00e9t\u00e9 d&rsquo;animation de Denens [&hellip;]<\/p>\n","protected":false},"author":1,"featured_media":0,"parent":0,"menu_order":0,"comment_status":"closed","ping_status":"closed","template":"","meta":{"_uag_custom_page_level_css":"","_monsterinsights_skip_tracking":false,"_monsterinsights_sitenote_active":false,"_monsterinsights_sitenote_note":"","_monsterinsights_sitenote_category":0,"site-sidebar-layout":"default","site-content-layout":"","ast-site-content-layout":"","site-content-style":"default","site-sidebar-style":"default","ast-global-header-display":"","ast-banner-title-visibility":"","ast-main-header-display":"","ast-hfb-above-header-display":"","ast-hfb-below-header-display":"","ast-hfb-mobile-header-display":"","site-post-title":"disabled","ast-breadcrumbs-content":"","ast-featured-img":"","footer-sml-layout":"","theme-transparent-header-meta":"","adv-header-id-meta":"","stick-header-meta":"","header-above-stick-meta":"","header-main-stick-meta":"","header-below-stick-meta":"","astra-migrate-meta-layouts":"default","ast-page-background-enabled":"default","ast-page-background-meta":{"desktop":{"background-color":"var(--ast-global-color-4)","background-image":"","background-repeat":"repeat","background-position":"center center","background-size":"auto","background-attachment":"scroll","background-type":"","background-media":"","overlay-type":"","overlay-color":"","overlay-gradient":""},"tablet":{"background-color":"","background-image":"","background-repeat":"repeat","background-position":"center center","background-size":"auto","background-attachment":"scroll","background-type":"","background-media":"","overlay-type":"","overlay-color":"","overlay-gradient":""},"mobile":{"background-color":"","background-image":"","background-repeat":"repeat","background-position":"center center","background-size":"auto","background-attachment":"scroll","background-type":"","background-media":"","overlay-type":"","overlay-color":"","overlay-gradient":""}},"ast-content-background-meta":{"desktop":{"background-color":"var(--ast-global-color-5)","background-image":"","background-repeat":"repeat","background-position":"center center","background-size":"auto","background-attachment":"scroll","background-type":"","background-media":"","overlay-type":"","overlay-color":"","overlay-gradient":""},"tablet":{"background-color":"var(--ast-global-color-5)","background-image":"","background-repeat":"repeat","background-position":"center center","background-size":"auto","background-attachment":"scroll","background-type":"","background-media":"","overlay-type":"","overlay-color":"","overlay-gradient":""},"mobile":{"background-color":"var(--ast-global-color-5)","background-image":"","background-repeat":"repeat","background-position":"center center","background-size":"auto","background-attachment":"scroll","background-type":"","background-media":"","overlay-type":"","overlay-color":"","overlay-gradient":""}},"footnotes":""},"aioseo_notices":[],"uagb_featured_image_src":{"full":false,"thumbnail":false,"medium":false,"medium_large":false,"large":false,"1536x1536":false,"2048x2048":false},"uagb_author_info":{"display_name":"animation-denens.ch","author_link":"https:\/\/animation-denens.ch\/?author=1"},"uagb_comment_info":0,"uagb_excerpt":"Les buts : La Soci\u00e9t\u00e9 d\u2019animation de Denens a pour buts de : Historique : La Soci\u00e9t\u00e9 d&rsquo;animation de Denens [&hellip;]","_links":{"self":[{"href":"https:\/\/animation-denens.ch\/index.php?rest_route=\/wp\/v2\/pages\/16"}],"collection":[{"href":"https:\/\/animation-denens.ch\/index.php?rest_route=\/wp\/v2\/pages"}],"about":[{"href":"https:\/\/animation-denens.ch\/index.php?rest_route=\/wp\/v2\/types\/page"}],"author":[{"embeddable":true,"href":"https:\/\/animation-denens.ch\/index.php?rest_route=\/wp\/v2\/users\/1"}],"replies":[{"embeddable":true,"href":"https:\/\/animation-denens.ch\/index.php?rest_route=%2Fwp%2Fv2%2Fcomments&post=16"}],"version-history":[{"count":16,"href":"https:\/\/animation-denens.ch\/index.php?rest_route=\/wp\/v2\/pages\/16\/revisions"}],"predecessor-version":[{"id":372,"href":"https:\/\/animation-denens.ch\/index.php?rest_route=\/wp\/v2\/pages\/16\/revisions\/372"}],"wp:attachment":[{"href":"https:\/\/animation-denens.ch\/index.php?rest_route=%2Fwp%2Fv2%2Fmedia&parent=16"}],"curies":[{"name":"wp","href":"https:\/\/api.w.org\/{rel}","templated":true}]}}