{"id":338,"date":"2024-04-23T10:37:29","date_gmt":"2024-04-23T08:37:29","guid":{"rendered":"https:\/\/animation-denens.ch\/?page_id=338"},"modified":"2024-04-23T11:37:48","modified_gmt":"2024-04-23T09:37:48","slug":"devenir-membre","status":"publish","type":"page","link":"https:\/\/animation-denens.ch\/?page_id=338","title":{"rendered":"Devenir membre"},"content":{"rendered":"\n<div class=\"wp-block-uagb-image uagb-block-6dc97a61 wp-block-uagb-image--layout-default wp-block-uagb-image--effect-static wp-block-uagb-image--align-none\"><figure class=\"wp-block-uagb-image__figure\"><img decoding=\"async\" srcset=\"https:\/\/animation-denens.ch\/wp-content\/uploads\/2024\/04\/SaD-Logo-8.jpg ,https:\/\/animation-denens.ch\/wp-content\/uploads\/2024\/04\/SaD-Logo-8.jpg 780w, https:\/\/animation-denens.ch\/wp-content\/uploads\/2024\/04\/SaD-Logo-8.jpg 360w\" sizes=\"(max-width: 480px) 150px\" src=\"https:\/\/animation-denens.ch\/wp-content\/uploads\/2024\/04\/SaD-Logo-8.jpg\" alt=\"\" class=\"uag-image-341\" width=\"150\" height=\"718\" title=\"SaD-Logo-8\" loading=\"lazy\" role=\"img\"\/><\/figure><\/div>\n\n\n\n<div class=\"wp-block-uagb-container uagb-block-d97b7d42 default uagb-is-root-container\">\n<p class=\"has-ast-global-color-8-color has-ast-global-color-4-background-color has-text-color has-background has-link-color has-large-font-size wp-elements-399265920997f60ff21596fa0d57ed99\" style=\"margin-top:0;margin-right:0;margin-bottom:0;margin-left:0;padding-top:var(--wp--preset--spacing--20);padding-right:var(--wp--preset--spacing--20);padding-bottom:var(--wp--preset--spacing--20);padding-left:var(--wp--preset--spacing--20)\"><strong>Devenir membre de la Soci\u00e9t\u00e9 d&rsquo;animation de Denens<\/strong><\/p>\n\n\n\n<p class=\"has-ast-global-color-8-color has-ast-global-color-4-background-color has-text-color has-background has-link-color wp-elements-9cb2b438a3d193825df6db3c16cdbcae\" style=\"margin-top:0;margin-right:0;margin-bottom:0;margin-left:0;padding-top:var(--wp--preset--spacing--20);padding-right:var(--wp--preset--spacing--20);padding-bottom:var(--wp--preset--spacing--20);padding-left:var(--wp--preset--spacing--20)\"><strong>Vous d\u00e9sirez \u00eatre au courant de ce qui se passe \u00e0 Denens, devenez membre :<\/strong><\/p>\n\n\n\n<ul style=\"margin-top:0;margin-right:0;margin-bottom:0;margin-left:0;padding-top:var(--wp--preset--spacing--20);padding-right:var(--wp--preset--spacing--50);padding-bottom:var(--wp--preset--spacing--20);padding-left:var(--wp--preset--spacing--50)\" class=\"has-ast-global-color-8-color has-ast-global-color-4-background-color has-text-color has-background has-link-color wp-elements-b827fb42bc1e41d1cf9598b27e99fc03\">\n<li>c&rsquo;est totalement gratuit<\/li>\n\n\n\n<li>sans aucun engagement<\/li>\n\n\n\n<li>vous recevrez de nos nouvelles r\u00e9guli\u00e8rement par mail<\/li>\n\n\n\n<li>vous pouvez vous inscrire plus rapidement pour participer \u00e0 nos activit\u00e9s<\/li>\n\n\n\n<li>vous avez la possibilit\u00e9 de nous donner des suggestions pour des futurs animations<\/li>\n\n\n\n<li>vous pouvez voter lors de notre Assembl\u00e9e g\u00e9n\u00e9rale<\/li>\n\n\n\n<li>vous offrons parfois un rabais pour nos membre lors de certaines activit\u00e9s<\/li>\n<\/ul>\n\n\n\n<p class=\"has-ast-global-color-8-color has-ast-global-color-4-background-color has-text-color has-background has-link-color wp-elements-a0dd0800e8b6d7d08065f05e13660075\" style=\"margin-top:0;margin-right:0;margin-bottom:0;margin-left:0;padding-top:var(--wp--preset--spacing--20);padding-right:var(--wp--preset--spacing--20);padding-bottom:var(--wp--preset--spacing--20);padding-left:var(--wp--preset--spacing--20)\"><strong>Vous souhaitez devenir membre<\/strong> :<\/p>\n\n\n\n<div class=\"wp-block-uagb-buttons uagb-buttons__outer-wrap uagb-btn__default-btn uagb-btn-tablet__default-btn uagb-btn-mobile__default-btn uagb-block-321b9ed4\"><div class=\"uagb-buttons__wrap uagb-buttons-layout-wrap \">\n<div class=\"wp-block-uagb-buttons-child uagb-buttons__outer-wrap uagb-block-03cc40db wp-block-button\"><div class=\"uagb-button__wrapper\"><a class=\"uagb-buttons-repeater wp-block-button__link\" aria-label=\"\" href=\"https:\/\/animation-denens.ch\/?page_id=22\" rel=\"follow noopener\" target=\"_self\"><div class=\"uagb-button__link\">Cliquez ici<\/div><\/a><\/div><\/div>\n<\/div><\/div>\n<\/div>\n","protected":false},"excerpt":{"rendered":"<p>Devenir membre de la Soci\u00e9t\u00e9 d&rsquo;animation de Denens Vous d\u00e9sirez \u00eatre au courant de ce qui se passe \u00e0 Denens, [&hellip;]<\/p>\n","protected":false},"author":1,"featured_media":0,"parent":0,"menu_order":0,"comment_status":"closed","ping_status":"closed","template":"","meta":{"_uag_custom_page_level_css":"","_monsterinsights_skip_tracking":false,"_monsterinsights_sitenote_active":false,"_monsterinsights_sitenote_note":"","_monsterinsights_sitenote_category":0,"site-sidebar-layout":"default","site-content-layout":"","ast-site-content-layout":"","site-content-style":"default","site-sidebar-style":"default","ast-global-header-display":"","ast-banner-title-visibility":"","ast-main-header-display":"","ast-hfb-above-header-display":"","ast-hfb-below-header-display":"","ast-hfb-mobile-header-display":"","site-post-title":"disabled","ast-breadcrumbs-content":"","ast-featured-img":"","footer-sml-layout":"","theme-transparent-header-meta":"","adv-header-id-meta":"","stick-header-meta":"","header-above-stick-meta":"","header-main-stick-meta":"","header-below-stick-meta":"","astra-migrate-meta-layouts":"default","ast-page-background-enabled":"default","ast-page-background-meta":{"desktop":{"background-color":"var(--ast-global-color-4)","background-image":"","background-repeat":"repeat","background-position":"center center","background-size":"auto","background-attachment":"scroll","background-type":"","background-media":"","overlay-type":"","overlay-color":"","overlay-gradient":""},"tablet":{"background-color":"","background-image":"","background-repeat":"repeat","background-position":"center center","background-size":"auto","background-attachment":"scroll","background-type":"","background-media":"","overlay-type":"","overlay-color":"","overlay-gradient":""},"mobile":{"background-color":"","background-image":"","background-repeat":"repeat","background-position":"center center","background-size":"auto","background-attachment":"scroll","background-type":"","background-media":"","overlay-type":"","overlay-color":"","overlay-gradient":""}},"ast-content-background-meta":{"desktop":{"background-color":"var(--ast-global-color-5)","background-image":"","background-repeat":"repeat","background-position":"center center","background-size":"auto","background-attachment":"scroll","background-type":"","background-media":"","overlay-type":"","overlay-color":"","overlay-gradient":""},"tablet":{"background-color":"var(--ast-global-color-5)","background-image":"","background-repeat":"repeat","background-position":"center center","background-size":"auto","background-attachment":"scroll","background-type":"","background-media":"","overlay-type":"","overlay-color":"","overlay-gradient":""},"mobile":{"background-color":"var(--ast-global-color-5)","background-image":"","background-repeat":"repeat","background-position":"center center","background-size":"auto","background-attachment":"scroll","background-type":"","background-media":"","overlay-type":"","overlay-color":"","overlay-gradient":""}},"footnotes":""},"aioseo_notices":[],"uagb_featured_image_src":{"full":false,"thumbnail":false,"medium":false,"medium_large":false,"large":false,"1536x1536":false,"2048x2048":false},"uagb_author_info":{"display_name":"animation-denens.ch","author_link":"https:\/\/animation-denens.ch\/?author=1"},"uagb_comment_info":0,"uagb_excerpt":"Devenir membre de la Soci\u00e9t\u00e9 d&rsquo;animation de Denens Vous d\u00e9sirez \u00eatre au courant de ce qui se passe \u00e0 Denens, [&hellip;]","_links":{"self":[{"href":"https:\/\/animation-denens.ch\/index.php?rest_route=\/wp\/v2\/pages\/338"}],"collection":[{"href":"https:\/\/animation-denens.ch\/index.php?rest_route=\/wp\/v2\/pages"}],"about":[{"href":"https:\/\/animation-denens.ch\/index.php?rest_route=\/wp\/v2\/types\/page"}],"author":[{"embeddable":true,"href":"https:\/\/animation-denens.ch\/index.php?rest_route=\/wp\/v2\/users\/1"}],"replies":[{"embeddable":true,"href":"https:\/\/animation-denens.ch\/index.php?rest_route=%2Fwp%2Fv2%2Fcomments&post=338"}],"version-history":[{"count":10,"href":"https:\/\/animation-denens.ch\/index.php?rest_route=\/wp\/v2\/pages\/338\/revisions"}],"predecessor-version":[{"id":357,"href":"https:\/\/animation-denens.ch\/index.php?rest_route=\/wp\/v2\/pages\/338\/revisions\/357"}],"wp:attachment":[{"href":"https:\/\/animation-denens.ch\/index.php?rest_route=%2Fwp%2Fv2%2Fmedia&parent=338"}],"curies":[{"name":"wp","href":"https:\/\/api.w.org\/{rel}","templated":true}]}}