{"id":7,"date":"2024-03-06T13:35:58","date_gmt":"2024-03-06T12:35:58","guid":{"rendered":"https:\/\/animation-denens.ch\/?page_id=7"},"modified":"2025-06-03T10:54:45","modified_gmt":"2025-06-03T08:54:45","slug":"accueil","status":"publish","type":"page","link":"https:\/\/animation-denens.ch\/","title":{"rendered":"Accueil"},"content":{"rendered":"\n<div class=\"wp-block-uagb-image uagb-block-f8e67959 wp-block-uagb-image--layout-default wp-block-uagb-image--effect-static wp-block-uagb-image--align-none\"><figure class=\"wp-block-uagb-image__figure\"><img decoding=\"async\" srcset=\"https:\/\/animation-denens.ch\/wp-content\/uploads\/2024\/04\/SaD-Logo-4.jpg ,https:\/\/animation-denens.ch\/wp-content\/uploads\/2024\/04\/SaD-Logo-4.jpg 780w, https:\/\/animation-denens.ch\/wp-content\/uploads\/2024\/04\/SaD-Logo-4.jpg 360w\" sizes=\"(max-width: 480px) 150px\" src=\"https:\/\/animation-denens.ch\/wp-content\/uploads\/2024\/04\/SaD-Logo-4.jpg\" alt=\"\" class=\"uag-image-226\" width=\"150\" height=\"273\" title=\"SaD-Logo-4\" loading=\"lazy\" role=\"img\"\/><\/figure><\/div>\n\n\n\n<h2 class=\"wp-block-heading has-ast-global-color-8-color has-ast-global-color-4-background-color has-text-color has-background has-link-color has-x-large-font-size wp-elements-3449c9a1275238089c27b6443fd1ac0e\" style=\"margin-top:0;margin-right:0;margin-bottom:0;margin-left:0;padding-top:var(--wp--preset--spacing--20);padding-right:var(--wp--preset--spacing--20);padding-bottom:var(--wp--preset--spacing--20);padding-left:var(--wp--preset--spacing--20)\"><strong>Bienvenue sur le site de la Soci\u00e9t\u00e9 d&rsquo;animation de Denens<\/strong><\/h2>\n\n\n\n<p class=\"has-vivid-red-color has-ast-global-color-4-background-color has-text-color has-background has-link-color has-large-font-size wp-elements-c2b7f527251140d1e51daab230758fde\" style=\"margin-top:var(--wp--preset--spacing--50);margin-right:0;margin-bottom:var(--wp--preset--spacing--50);margin-left:0;padding-top:var(--wp--preset--spacing--20);padding-right:var(--wp--preset--spacing--20);padding-bottom:var(--wp--preset--spacing--20);padding-left:var(--wp--preset--spacing--20)\"><strong>Nos prochaines activit\u00e9s :<\/strong><\/p>\n\n\n\n<div class=\"wp-block-uagb-container uagb-block-e2d55d05 default uagb-is-root-container\">\n<div class=\"wp-block-group is-content-justification-left is-nowrap is-layout-flex wp-container-core-group-is-layout-1 wp-block-group-is-layout-flex\">\n<div class=\"wp-block-uagb-container uagb-block-241748f7\">\n<h2 class=\"wp-block-heading has-vivid-purple-color has-ast-global-color-4-background-color has-text-color has-background has-link-color has-large-font-size wp-elements-2875072b6701007fe51f937633ddaf09\" style=\"margin-top:0;margin-right:0;margin-bottom:0;margin-left:0;padding-top:var(--wp--preset--spacing--30);padding-right:var(--wp--preset--spacing--20);padding-bottom:var(--wp--preset--spacing--30);padding-left:var(--wp--preset--spacing--20)\">Euro f\u00e9minin 2025<\/h2>\n\n\n\n<p class=\"has-ast-global-color-8-color has-ast-global-color-4-background-color has-text-color has-background has-link-color has-medium-font-size wp-elements-8c560253be57256de9b3ac4748a50a86\" style=\"margin-top:var(--wp--preset--spacing--30);margin-right:0;margin-bottom:var(--wp--preset--spacing--30);margin-left:0;padding-top:var(--wp--preset--spacing--20);padding-right:var(--wp--preset--spacing--20);padding-bottom:var(--wp--preset--spacing--20);padding-left:var(--wp--preset--spacing--20)\"><strong>Du 2 au 27 juillet 2025, en Suisse<\/strong><\/p>\n\n\n\n<ul style=\"margin-top:var(--wp--preset--spacing--30);margin-right:0;margin-bottom:var(--wp--preset--spacing--30);margin-left:0;padding-top:var(--wp--preset--spacing--20);padding-right:var(--wp--preset--spacing--40);padding-bottom:var(--wp--preset--spacing--20);padding-left:var(--wp--preset--spacing--40)\" class=\"has-ast-global-color-8-color has-ast-global-color-4-background-color has-text-color has-background has-link-color wp-elements-2eb5c13dfe72e4318e2e047d44ad4ebe\">\n<li>\u00e0 la salle villageoise, d\u00e8s 20h30 :<\/li>\n\n\n\n<li>mercredi 2, \u00e0 21h00, Suisse &#8211; Norv\u00e8ge<\/li>\n\n\n\n<li>dimanche 6, \u00e0 21h00, Suisse &#8211; Islande<\/li>\n\n\n\n<li>jeudi 10, \u00e0 21h00, Suisse &#8211; Finlande<\/li>\n\n\n\n<li>dimanche 27, \u00e0 18h00, la finale<\/li>\n\n\n\n<li>petite restauration et boissons sur place.<\/li>\n<\/ul>\n<\/div>\n\n\n\n<div class=\"wp-block-uagb-image aligncenter uagb-block-31ad5e5e wp-block-uagb-image--layout-default wp-block-uagb-image--effect-static wp-block-uagb-image--align-center\"><figure class=\"wp-block-uagb-image__figure\"><img decoding=\"async\" srcset=\"https:\/\/animation-denens.ch\/wp-content\/uploads\/2025\/06\/Euro-feminin25.jpeg ,https:\/\/animation-denens.ch\/wp-content\/uploads\/2025\/06\/Euro-feminin25.jpeg 780w, https:\/\/animation-denens.ch\/wp-content\/uploads\/2025\/06\/Euro-feminin25.jpeg 360w\" sizes=\"(max-width: 480px) 150px\" src=\"https:\/\/animation-denens.ch\/wp-content\/uploads\/2025\/06\/Euro-feminin25.jpeg\" alt=\"\" class=\"uag-image-413\" width=\"410\" height=\"222\" title=\"Euro f\u00e9minin25\" loading=\"lazy\" role=\"img\"\/><\/figure><\/div>\n<\/div>\n<\/div>\n\n\n\n<div class=\"wp-block-uagb-container uagb-block-c7cf9a51 default uagb-is-root-container\">\n<div class=\"wp-block-uagb-container uagb-block-db7527d9\"><\/div>\n\n\n\n<div class=\"wp-block-uagb-container uagb-block-0210987d\">\n<h2 class=\"wp-block-heading has-ast-global-color-8-color has-ast-global-color-4-background-color has-text-color has-background has-link-color has-large-font-size wp-elements-a48e635311303268159ff85bfe1f0469\" style=\"margin-top:0;margin-right:0;margin-bottom:0;margin-left:0;padding-top:var(--wp--preset--spacing--30);padding-right:var(--wp--preset--spacing--20);padding-bottom:var(--wp--preset--spacing--30);padding-left:var(--wp--preset--spacing--20)\"><\/h2>\n\n\n\n<p class=\"has-ast-global-color-8-color has-ast-global-color-4-background-color has-text-color has-background has-link-color has-medium-font-size wp-elements-fac256b598128696704e2b3d9321c161\" style=\"margin-top:var(--wp--preset--spacing--30);margin-right:0;margin-bottom:var(--wp--preset--spacing--30);margin-left:0;padding-top:var(--wp--preset--spacing--20);padding-right:var(--wp--preset--spacing--20);padding-bottom:var(--wp--preset--spacing--20);padding-left:var(--wp--preset--spacing--20)\"><\/p>\n\n\n\n<ul style=\"margin-top:var(--wp--preset--spacing--30);margin-right:0;margin-bottom:var(--wp--preset--spacing--30);margin-left:0;padding-top:var(--wp--preset--spacing--20);padding-right:var(--wp--preset--spacing--40);padding-bottom:var(--wp--preset--spacing--20);padding-left:var(--wp--preset--spacing--40)\" class=\"has-ast-global-color-8-color has-ast-global-color-4-background-color has-text-color has-background has-link-color wp-elements-17f621efabdc8d8370028a441849a8af\">\n<li><\/li>\n\n\n\n<li><\/li>\n\n\n\n<li><\/li>\n\n\n\n<li><\/li>\n<\/ul>\n\n\n\n<div class=\"wp-block-buttons is-layout-flex wp-block-buttons-is-layout-flex\" style=\"margin-top:var(--wp--preset--spacing--50);margin-bottom:var(--wp--preset--spacing--50)\">\n<div class=\"wp-block-button\"><a class=\"wp-block-button__link wp-element-button\" href=\"https:\/\/animation-denens.ch\/?page_id=22\">S&rsquo;inscrire<\/a><\/div>\n<\/div>\n<\/div>\n<\/div>\n\n\n\n<h2 class=\"wp-block-heading has-vivid-purple-color has-text-color has-link-color wp-elements-425942a174a86d1b03a203d5e0771ef1\">Les activit\u00e9s des autres soci\u00e9t\u00e9s de Denens :<\/h2>\n\n\n\n<blockquote class=\"wp-block-quote wp-elements-fcd735798959fb624bd8cff67dd477e1 is-layout-flow wp-container-core-quote-is-layout-1 wp-block-quote-is-layout-flow\">\n<p class=\"has-vivid-green-cyan-color has-text-color has-link-color has-large-font-size wp-elements-d8dccfe262ec256633503f3731132e2c\"><strong>L&rsquo;Association Denens Durable (DDD)<\/strong><\/p>\n<cite><br>L\u2019Association&nbsp;Denens&nbsp;Durable&nbsp;a pour but de promouvoir la durabilit\u00e9 au sein du village de Denens, en sensibilisant la population aux questions environnementales et soci\u00e9tales et en mettant en \u0153uvre des actions ou mesures allant dans ce sens. Plus d&rsquo;informations sur notre site :  www.denensdurable.ch          <br>Voici nos prochaines activit\u00e9s :<\/cite><\/blockquote>\n\n\n\n<ul>\n<li style=\"margin-top:0;margin-bottom:0;padding-top:0;padding-right:0;padding-bottom:0;padding-left:0\">le vendredi 13 juin, \u00e0 20h, \u00e0 la Grange du Chapallaz : lecture en musique de \u00ab\u00a0Faire paysan\u00a0\u00bb&nbsp;avec Blaise Hofmann (texte et voix)<strong>&nbsp;<\/strong> et St\u00e9phane Blok (guitare et chant).<\/li>\n\n\n\n<li>le vendredi 20 juin, \u00e0&nbsp;20h, \u00e0 la Grange du Chapallaz : projection du film \u00ab\u00a0La Th\u00e9orie du Boxeur\u00a0\u00bb (documentaire sur la fa\u00e7on dont les agriculteur\u00b7rice\u00b7s font face au d\u00e9r\u00e8glement climatique).<\/li>\n\n\n\n<li><\/li>\n<\/ul>\n\n\n\n<blockquote class=\"wp-block-quote wp-elements-6c9b228733d13094d136334f6ed05e86 is-layout-flow wp-container-core-quote-is-layout-2 wp-block-quote-is-layout-flow\">\n<p class=\"has-luminous-vivid-amber-color has-text-color has-link-color has-large-font-size wp-elements-7ee34af0a615a3f04ea7012cbcd08d0b\"><strong>La biblioth\u00e8que de Denens<\/strong><\/p>\n<cite><br>La biblioth\u00e8que de Denens se trouve \u00e0 la&nbsp;Rue de la Cit\u00e9 9. Elle est ouverte :<\/cite><\/blockquote>\n\n\n\n<ul>\n<li>tous les mercredis, de 16h00 \u00e0 18h30, sauf pendant les vacances scolaires<\/li>\n\n\n\n<li>ce mois, pas de rencontre le samedi, de 10h00 \u00e0 12h00<\/li>\n\n\n\n<li><\/li>\n<\/ul>\n\n\n\n<blockquote class=\"wp-block-quote wp-elements-dbcf55bf33a1c2601e1a0e16114483c2 is-layout-flow wp-container-core-quote-is-layout-3 wp-block-quote-is-layout-flow\">\n<p class=\"has-vivid-red-color has-text-color has-link-color has-large-font-size wp-elements-4ab4f16ccbf6e070a0bd7cedee906d6a\"><strong>La f\u00eate de l&rsquo;\u00e9pouvantail<\/strong><\/p>\n<cite><br>Notre association organise la f\u00eate de l\u2019\u00e9pouvantail, une tradition riche en couleurs et en imagination et cette 7\u00e8me \u00e9dition c\u00e9l\u00e8bre \u00e9galement les 30 ans de la f\u00eate. Que vous soyez artiste, jardinier amateur, ou simplement curieux, notre f\u00eate vous offre une exp\u00e9rience unique pour exprimer votre fantaisie. R\u00e9unissant des participants de tous \u00e2ges et de tous horizons, nos \u00e9v\u00e9nements captivent, enchantent, et tissent des liens communautaires forts et durables. Plus d&rsquo;informations sur notre site : www.epouvantail.ch <br><strong>La 7\u00e8me \u00e9dition aura lieu du 10 au 20 juillet 2025<\/strong>.<\/cite><\/blockquote>\n\n\n\n<ul>\n<li>Pr\u00e9parez-vous \u00e0 faire frissonner Denens, le concours est ouvert \u00e0 tous !<\/li>\n\n\n\n<li>Que vous soyez un pro du bricolage ou un d\u00e9butant en herbe, ce concours est fait pour vous.<\/li>\n\n\n\n<li>Inscription sur le site.<\/li>\n<\/ul>\n\n\n\n<div class=\"wp-block-uagb-advanced-heading uagb-block-2df0f44b\"><h4 class=\"uagb-heading-text\">Le programme de la f\u00eate :<\/h4><\/div>\n\n\n\n<ul>\n<li><strong>Jeudi 10 juillet 2025 &#8211; 20h30<\/strong> : <strong>Anonym Unplugged<\/strong> (2 musiciennes proposent la cr\u00e8me des tubes anglo-saxons).<\/li>\n\n\n\n<li><strong>Vendredi 11 juillet 2025 &#8211; 21h00<\/strong> : <strong>Trio \u00ab\u00a0Viaje Flamenco\u00a0\u00bb<\/strong> (du&nbsp;chant, de la danse et de la guitare).<\/li>\n\n\n\n<li><strong>Samedi 12 juillet 2025 &#8211; 21h00<\/strong> : <strong>Smile<\/strong> (groupe de rock, soul et rythm\u2019n blues).<\/li>\n\n\n\n<li><strong>Dimanche 13 juillet 2025 &#8211; 11h00<\/strong> : <strong>Brunch dominical avec le Black and White Jazz Band<\/strong> : inscription sur le site<\/li>\n\n\n\n<li><strong>Mercredi 16 juillet 2025 &#8211; 17h00<\/strong> : <strong>apr\u00e8s-midi des enfants avec Ga\u00ebtan<\/strong> (ses plus grands tubes, depuis plus de 25 ans).<\/li>\n\n\n\n<li><strong>Jeudi 17 juillet 2025 &#8211; 20h30<\/strong> : <strong>Adriano \u201cvoyage en musique et danse\u201d<\/strong> (rythmes, genres, cultures et langues vari\u00e9es).<\/li>\n\n\n\n<li><strong>Vendredi 18 juillet 2025 &#8211; 21h00<\/strong> : <strong>Mariano Capona &amp; friends<\/strong> (jazz,&nbsp;latin jazz,&nbsp;funk,&nbsp;disco funk,&nbsp;soul&nbsp;et&nbsp;hip-hop).<\/li>\n<\/ul>\n\n\n\n<div class=\"wp-block-uagb-advanced-heading uagb-block-10af5c2b\"><h4 class=\"uagb-heading-text\">Devenez b\u00e9n\u00e9vole :<\/h4><\/div>\n\n\n\n<ul>\n<li>En tant que b\u00e9n\u00e9vole, tu nous aideras \u00e0 organiser un \u00e9v\u00e9nement majeur r\u00e9unissant des milliers de personnes.<\/li>\n\n\n\n<li>Pas besoin de comp\u00e9tence particuli\u00e8re, mais de l&rsquo;envie, de la motivation et une bonne sant\u00e9.<\/li>\n\n\n\n<li>Nous avons plusieurs besoins : montage\/d\u00e9montage des infrastructures, service de bar, service client, support au parcours, etc.<\/li>\n\n\n\n<li>Nous t\u2019offrons la flexibilit\u00e9 de choisir tes heures et tes jours de pr\u00e9sence et tu seras \u00e9videmment remerci\u00e9 avec des bons de boisson et de nourriture.<\/li>\n\n\n\n<li>Inscription sur le site.<\/li>\n<\/ul>\n","protected":false},"excerpt":{"rendered":"<p>Bienvenue sur le site de la Soci\u00e9t\u00e9 d&rsquo;animation de Denens Nos prochaines activit\u00e9s : Euro f\u00e9minin 2025 Du 2 au [&hellip;]<\/p>\n","protected":false},"author":1,"featured_media":0,"parent":0,"menu_order":0,"comment_status":"closed","ping_status":"closed","template":"","meta":{"_uag_custom_page_level_css":"","_monsterinsights_skip_tracking":false,"_monsterinsights_sitenote_active":false,"_monsterinsights_sitenote_note":"","_monsterinsights_sitenote_category":0,"site-sidebar-layout":"default","site-content-layout":"","ast-site-content-layout":"","site-content-style":"default","site-sidebar-style":"default","ast-global-header-display":"","ast-banner-title-visibility":"","ast-main-header-display":"","ast-hfb-above-header-display":"","ast-hfb-below-header-display":"","ast-hfb-mobile-header-display":"","site-post-title":"disabled","ast-breadcrumbs-content":"","ast-featured-img":"","footer-sml-layout":"","theme-transparent-header-meta":"","adv-header-id-meta":"","stick-header-meta":"","header-above-stick-meta":"","header-main-stick-meta":"","header-below-stick-meta":"","astra-migrate-meta-layouts":"default","ast-page-background-enabled":"default","ast-page-background-meta":{"desktop":{"background-color":"var(--ast-global-color-4)","background-image":"","background-repeat":"repeat","background-position":"center center","background-size":"auto","background-attachment":"scroll","background-type":"","background-media":"","overlay-type":"","overlay-color":"","overlay-gradient":""},"tablet":{"background-color":"","background-image":"","background-repeat":"repeat","background-position":"center center","background-size":"auto","background-attachment":"scroll","background-type":"","background-media":"","overlay-type":"","overlay-color":"","overlay-gradient":""},"mobile":{"background-color":"","background-image":"","background-repeat":"repeat","background-position":"center center","background-size":"auto","background-attachment":"scroll","background-type":"","background-media":"","overlay-type":"","overlay-color":"","overlay-gradient":""}},"ast-content-background-meta":{"desktop":{"background-color":"var(--ast-global-color-5)","background-image":"","background-repeat":"repeat","background-position":"center center","background-size":"auto","background-attachment":"scroll","background-type":"","background-media":"","overlay-type":"","overlay-color":"","overlay-gradient":""},"tablet":{"background-color":"var(--ast-global-color-5)","background-image":"","background-repeat":"repeat","background-position":"center center","background-size":"auto","background-attachment":"scroll","background-type":"","background-media":"","overlay-type":"","overlay-color":"","overlay-gradient":""},"mobile":{"background-color":"var(--ast-global-color-5)","background-image":"","background-repeat":"repeat","background-position":"center center","background-size":"auto","background-attachment":"scroll","background-type":"","background-media":"","overlay-type":"","overlay-color":"","overlay-gradient":""}},"footnotes":""},"aioseo_notices":[],"uagb_featured_image_src":{"full":false,"thumbnail":false,"medium":false,"medium_large":false,"large":false,"1536x1536":false,"2048x2048":false},"uagb_author_info":{"display_name":"animation-denens.ch","author_link":"https:\/\/animation-denens.ch\/?author=1"},"uagb_comment_info":0,"uagb_excerpt":"Bienvenue sur le site de la Soci\u00e9t\u00e9 d&rsquo;animation de Denens Nos prochaines activit\u00e9s : Euro f\u00e9minin 2025 Du 2 au [&hellip;]","_links":{"self":[{"href":"https:\/\/animation-denens.ch\/index.php?rest_route=\/wp\/v2\/pages\/7"}],"collection":[{"href":"https:\/\/animation-denens.ch\/index.php?rest_route=\/wp\/v2\/pages"}],"about":[{"href":"https:\/\/animation-denens.ch\/index.php?rest_route=\/wp\/v2\/types\/page"}],"author":[{"embeddable":true,"href":"https:\/\/animation-denens.ch\/index.php?rest_route=\/wp\/v2\/users\/1"}],"replies":[{"embeddable":true,"href":"https:\/\/animation-denens.ch\/index.php?rest_route=%2Fwp%2Fv2%2Fcomments&post=7"}],"version-history":[{"count":57,"href":"https:\/\/animation-denens.ch\/index.php?rest_route=\/wp\/v2\/pages\/7\/revisions"}],"predecessor-version":[{"id":423,"href":"https:\/\/animation-denens.ch\/index.php?rest_route=\/wp\/v2\/pages\/7\/revisions\/423"}],"wp:attachment":[{"href":"https:\/\/animation-denens.ch\/index.php?rest_route=%2Fwp%2Fv2%2Fmedia&parent=7"}],"curies":[{"name":"wp","href":"https:\/\/api.w.org\/{rel}","templated":true}]}}